{"id":6,"date":"2014-08-25T13:19:59","date_gmt":"2014-08-25T11:19:59","guid":{"rendered":"http:\/\/latourdaiguespourtous.fr\/WordPress3\/?page_id=6"},"modified":"2025-12-27T11:48:03","modified_gmt":"2025-12-27T10:48:03","slug":"qui-sommes-nous","status":"publish","type":"page","link":"https:\/\/www.latourpourtous.fr\/index.php\/qui-sommes-nous\/","title":{"rendered":"Qui sommes-nous?"},"content":{"rendered":"<p id=\"titreg\">La Tour d&rsquo;Aigues pour Tous est une association d\u00e9pos\u00e9e en pr\u00e9fecture.<br \/>\n<span class=\"texte\">Elle a pour objet de recueillir l&rsquo;avis des Tourains sur toute question qui concerne leurs conditions de vie et l&rsquo;avenir de la commune.<br \/>\nElle a pour but de les rassembler autour d&rsquo;un projet de d\u00e9veloppement \u00e9conomique, social et culturel, et d&rsquo;am\u00e9lioration de la qualit\u00e9 de vie au sein de leur commune.<\/span><\/p>\n<p>Cette association est ouverte \u00e0 toutes et \u00e0 tous sans distinction d&rsquo;origine, de religion, d&rsquo;opinion politique ou de toute autre discrimination.<\/p>\n<p><span style=\"color: #000080;\"><strong><a title=\"Le bureau\" href=\"localhost:8888\/index.php\/qui-sommes-nous\/le-bureau\/\">Le bureau de l&rsquo;association<\/a><br \/>\n<\/strong><\/span><\/p>\n<p><a title=\"Nos \u00e9lus\" href=\"localhost:8888\/index.php\/qui-sommes-nous\/nos-elus\/\"><strong>Nos \u00e9lus<\/strong><\/a><\/p>\n<p><a href=\"http:\/\/latourdaiguespourtous.fr\/WordPress3\/wp-content\/uploads\/2014\/08\/Statuts-LaTourdAiguespourTous-09-02-2013.pdfhttp:\/\/\" target=\"_blank\" rel=\"noopener\"><img loading=\"lazy\" decoding=\"async\" class=\"alignleft wp-image-269 size-full\" title=\"Statuts\" src=\"http:\/\/latourdaiguespourtous.fr\/WordPress3\/wp-content\/uploads\/2014\/08\/pdf-e1409910002382.jpg\" alt=\"pdf\" width=\"35\" height=\"35\" align=\"middle\" \/>statuts<\/a><br \/>\nAssociation n\u00b0 W841001973 d\u00e9clar\u00e9e en pr\u00e9fecture en date du 15 f\u00e9vrier 2013<br \/>\nLoi du 1er Juillet 1901 relative au contrat d&rsquo; association.<br \/>\nSi\u00e8ge social est situ\u00e9 : 271 rue Docteur Medvedowsky 84240 Tour-d&rsquo;Aigues<\/p>\n","protected":false},"excerpt":{"rendered":"<p>La Tour d&rsquo;Aigues pour Tous est une association d\u00e9pos\u00e9e en pr\u00e9fecture. Elle a pour objet de recueillir l&rsquo;avis des Tourains sur toute question qui concerne leurs conditions de vie et l&rsquo;avenir de la commune. Elle a pour but de les rassembler autour d&rsquo;un projet de d\u00e9veloppement \u00e9conomique, social et culturel, et d&rsquo;am\u00e9lioration de la qualit\u00e9&hellip;&nbsp;<a href=\"https:\/\/www.latourpourtous.fr\/index.php\/qui-sommes-nous\/\" rel=\"bookmark\"><span class=\"screen-reader-text\">Qui sommes-nous?<\/span><\/a><\/p>\n","protected":false},"author":1,"featured_media":1868,"parent":0,"menu_order":0,"comment_status":"closed","ping_status":"closed","template":"","meta":{"neve_meta_sidebar":"","neve_meta_container":"","neve_meta_enable_content_width":"","neve_meta_content_width":0,"neve_meta_title_alignment":"","neve_meta_author_avatar":"","neve_post_elements_order":"","neve_meta_disable_header":"","neve_meta_disable_footer":"","neve_meta_disable_title":"","footnotes":""},"class_list":["post-6","page","type-page","status-publish","has-post-thumbnail","hentry"],"_links":{"self":[{"href":"https:\/\/www.latourpourtous.fr\/index.php\/wp-json\/wp\/v2\/pages\/6","targetHints":{"allow":["GET"]}}],"collection":[{"href":"https:\/\/www.latourpourtous.fr\/index.php\/wp-json\/wp\/v2\/pages"}],"about":[{"href":"https:\/\/www.latourpourtous.fr\/index.php\/wp-json\/wp\/v2\/types\/page"}],"author":[{"embeddable":true,"href":"https:\/\/www.latourpourtous.fr\/index.php\/wp-json\/wp\/v2\/users\/1"}],"replies":[{"embeddable":true,"href":"https:\/\/www.latourpourtous.fr\/index.php\/wp-json\/wp\/v2\/comments?post=6"}],"version-history":[{"count":1,"href":"https:\/\/www.latourpourtous.fr\/index.php\/wp-json\/wp\/v2\/pages\/6\/revisions"}],"predecessor-version":[{"id":1653,"href":"https:\/\/www.latourpourtous.fr\/index.php\/wp-json\/wp\/v2\/pages\/6\/revisions\/1653"}],"wp:featuredmedia":[{"embeddable":true,"href":"https:\/\/www.latourpourtous.fr\/index.php\/wp-json\/wp\/v2\/media\/1868"}],"wp:attachment":[{"href":"https:\/\/www.latourpourtous.fr\/index.php\/wp-json\/wp\/v2\/media?parent=6"}],"curies":[{"name":"wp","href":"https:\/\/api.w.org\/{rel}","templated":true}]}}